{"id":76,"date":"2018-03-25T19:17:44","date_gmt":"2018-03-25T19:17:44","guid":{"rendered":"http:\/\/mw-pc-seiten.de\/?page_id=76"},"modified":"2018-04-06T12:52:21","modified_gmt":"2018-04-06T12:52:21","slug":"home","status":"publish","type":"page","link":"https:\/\/mw-pc-seiten.de\/","title":{"rendered":"Home"},"content":{"rendered":"<div id=\"pl-76\"  class=\"panel-layout\" ><div id=\"pg-76-0\"  class=\"panel-grid panel-has-style\" ><div class=\"siteorigin-panels-stretch panel-row-style panel-row-style-for-76-0\" data-stretch-type=\"full-stretched\" ><div id=\"pgc-76-0-0\"  class=\"panel-grid-cell\" ><div id=\"panel-76-0-0-0\" class=\"so-panel widget widget_sow-slider panel-first-child\" data-index=\"0\" ><div class=\"so-widget-sow-slider so-widget-sow-slider-default-abf3e628296a\"><div class=\"sow-slider-base \" style=\"display: none\"><ul class=\"sow-slider-images\" data-settings=\"{&quot;pagination&quot;:true,&quot;speed&quot;:800,&quot;timeout&quot;:8000,&quot;swipe&quot;:false}\">\t\t<li class=\"sow-slider-image  sow-slider-image-cover\" style=\"background-image: url(https:\/\/mw-pc-seiten.de\/wp-content\/uploads\/2018\/03\/P1190251-enh.jpg)\" >\r\n\t\t\t\t\t\t\t\t\t<img width=\"3870\" height=\"2779\" src=\"https:\/\/mw-pc-seiten.de\/wp-content\/uploads\/2018\/03\/P1190251-enh.jpg\" class=\"attachment-full size-full\" alt=\"\" loading=\"lazy\" srcset=\"https:\/\/mw-pc-seiten.de\/wp-content\/uploads\/2018\/03\/P1190251-enh.jpg 3870w, https:\/\/mw-pc-seiten.de\/wp-content\/uploads\/2018\/03\/P1190251-enh-300x215.jpg 300w, https:\/\/mw-pc-seiten.de\/wp-content\/uploads\/2018\/03\/P1190251-enh-768x551.jpg 768w, https:\/\/mw-pc-seiten.de\/wp-content\/uploads\/2018\/03\/P1190251-enh-1024x735.jpg 1024w\" sizes=\"(max-width: 3870px) 100vw, 3870px\" \/>\t\t\t\t\t\t\t\t<\/li>\r\n\t\t\t\t<li class=\"sow-slider-image  sow-slider-image-cover\" style=\"background-image: url(https:\/\/mw-pc-seiten.de\/wp-content\/uploads\/2018\/03\/P1210277-Weg-enh.jpg)\" >\r\n\t\t\t\t\t\t\t\t\t<img width=\"4000\" height=\"3000\" src=\"https:\/\/mw-pc-seiten.de\/wp-content\/uploads\/2018\/03\/P1210277-Weg-enh.jpg\" class=\"attachment-full size-full\" alt=\"\" loading=\"lazy\" srcset=\"https:\/\/mw-pc-seiten.de\/wp-content\/uploads\/2018\/03\/P1210277-Weg-enh.jpg 4000w, https:\/\/mw-pc-seiten.de\/wp-content\/uploads\/2018\/03\/P1210277-Weg-enh-300x225.jpg 300w, https:\/\/mw-pc-seiten.de\/wp-content\/uploads\/2018\/03\/P1210277-Weg-enh-768x576.jpg 768w, https:\/\/mw-pc-seiten.de\/wp-content\/uploads\/2018\/03\/P1210277-Weg-enh-1024x768.jpg 1024w\" sizes=\"(max-width: 4000px) 100vw, 4000px\" \/>\t\t\t\t\t\t\t\t<\/li>\r\n\t\t<\/ul>\t\t\t\t<ol class=\"sow-slider-pagination\">\r\n\t\t\t\t\t\t\t\t\t\t\t<li><a href=\"#\" data-goto=\"0\" aria-label=\"display slide 1\">1<\/a><\/li>\r\n\t\t\t\t\t\t\t\t\t\t\t<li><a href=\"#\" data-goto=\"1\" aria-label=\"display slide 2\">2<\/a><\/li>\r\n\t\t\t\t\t\t\t\t\t<\/ol>\r\n\r\n\t\t\t\t<div class=\"sow-slide-nav sow-slide-nav-next\">\r\n\t\t\t\t\t<a href=\"#\" data-goto=\"next\" aria-label=\"next slide\" data-action=\"next\">\r\n\t\t\t\t\t\t<em class=\"sow-sld-icon-thin-right\"><\/em>\r\n\t\t\t\t\t<\/a>\r\n\t\t\t\t<\/div>\r\n\r\n\t\t\t\t<div class=\"sow-slide-nav sow-slide-nav-prev\">\r\n\t\t\t\t\t<a href=\"#\" data-goto=\"previous\" aria-label=\"previous slide\" data-action=\"prev\">\r\n\t\t\t\t\t\t<em class=\"sow-sld-icon-thin-left\"><\/em>\r\n\t\t\t\t\t<\/a>\r\n\t\t\t\t<\/div>\r\n\t\t\t\t<\/div><\/div><\/div><div id=\"panel-76-0-0-1\" class=\"so-panel widget widget_sow-headline\" data-index=\"1\" ><div class=\"so-widget-sow-headline so-widget-sow-headline-default-efd7790314c7\"><div class=\"sow-headline-container \">\n\t<h1 class='sow-headline'>WENN DAS LEBEN ANDERS L\u00c4UFT<\/h1><\/div><\/div><\/div><div id=\"panel-76-0-0-2\" class=\"so-panel widget widget_sow-editor panel-last-child\" data-index=\"2\" ><div class=\"panel-widget-style panel-widget-style-for-76-0-0-2\" ><div class=\"so-widget-sow-editor so-widget-sow-editor-base\"><h3 class=\"widget-title\">Freunde sind \u00fcbrigens die, die bleiben, wenn man mal eine Zeit lang nicht so funktioniert wie gewohnt.<\/h3>\n<div class=\"siteorigin-widget-tinymce textwidget\">\n\t<\/div>\n<\/div><\/div><\/div><\/div><\/div><\/div><div id=\"pg-76-1\"  class=\"panel-grid panel-no-style\" ><div id=\"pgc-76-1-0\"  class=\"panel-grid-cell\" ><div id=\"panel-76-1-0-0\" class=\"so-panel widget widget_sow-image panel-first-child\" data-index=\"3\" ><div class=\"so-widget-sow-image so-widget-sow-image-default-bd5cd9da0588\">\n\n<div class=\"sow-image-container\">\n<a href=\"http:\/\/mw-pc-seiten.de\/?page_id=17\" >\t<img src=\"https:\/\/mw-pc-seiten.de\/wp-content\/uploads\/2018\/03\/P1000420-Wasserkuppe-150x150.jpg\" width=\"150\" height=\"150\" sizes=\"(max-width: 150px) 100vw, 150px\" title=\"Wasserkuppe\" \t\tclass=\"so-widget-image\"\/>\n<\/a><\/div>\n\n<\/div><\/div><div id=\"panel-76-1-0-1\" class=\"so-panel widget widget_sow-editor\" data-index=\"4\" ><div class=\"so-widget-sow-editor so-widget-sow-editor-base\"><h3 class=\"widget-title\">PFLEGEFAMILIEN<\/h3>\n<div class=\"siteorigin-widget-tinymce textwidget\">\n\t<div class=\"siteorigin-widget-tinymce textwidget\">\nWas k\u00f6nnen Sie hier finden:<\/p>\n<ol>\n<li>anders Familie werden... <a href=\"http:\/\/mw-pc-seiten.de\/?page_id=768\">unsere Geschichte ausf\u00fchrlich<\/a><\/li>\n<li>Pflegeeltern<\/li>\n<li>Pflegekinder<\/li>\n<li>Informationen \u00fcber Jugendamt und Erfahrungen<\/li>\n<\/ol>\n<\/div>\n<\/div>\n<\/div><\/div><div id=\"panel-76-1-0-2\" class=\"so-panel widget widget_sow-button panel-last-child\" data-index=\"5\" ><div class=\"so-widget-sow-button so-widget-sow-button-atom-4a75a8acc3b6\"><div class=\"ow-button-base ow-button-align-center\">\n\t<a href=\"http:\/\/mw-pc-seiten.de\/?page_id=768\" class=\"ow-icon-placement-left ow-button-hover\" \t\t>\n\t\t<span>\n\t\t\t\n\t\t\tunsere Geschichte ausf\u00fchrlich\t\t<\/span>\n\t<\/a>\n<\/div>\n<\/div><\/div><\/div><div id=\"pgc-76-1-1\"  class=\"panel-grid-cell\" ><div id=\"panel-76-1-1-0\" class=\"so-panel widget widget_sow-image panel-first-child\" data-index=\"6\" ><div class=\"so-widget-sow-image so-widget-sow-image-default-bd5cd9da0588\">\n\n<div class=\"sow-image-container\">\n<a href=\"http:\/\/mw-pc-seiten.de\/?page_id=4\" >\t<img src=\"https:\/\/mw-pc-seiten.de\/wp-content\/uploads\/2018\/03\/2009-05-Horst-Karlsruhe-P5194736-150x150.jpg\" width=\"150\" height=\"150\" sizes=\"(max-width: 150px) 100vw, 150px\" title=\"Buch Schild\" \t\tclass=\"so-widget-image\"\/>\n<\/a><\/div>\n\n<\/div><\/div><div id=\"panel-76-1-1-1\" class=\"so-panel widget widget_sow-editor panel-last-child\" data-index=\"7\" ><div class=\"so-widget-sow-editor so-widget-sow-editor-base\"><h3 class=\"widget-title\">INFORMATIONEN<\/h3>\n<div class=\"siteorigin-widget-tinymce textwidget\">\n\t<p>Lesen, Lesen, Lesen...<\/p>\n<ul>\n<li>PDF-Dateien<\/li>\n<li>Internetseiten<\/li>\n<li>B\u00fccher<\/li>\n<li>Beratungsstellen<\/li>\n<\/ul>\n<\/div>\n<\/div><\/div><\/div><div id=\"pgc-76-1-2\"  class=\"panel-grid-cell\" ><div id=\"panel-76-1-2-0\" class=\"so-panel widget widget_sow-image panel-first-child\" data-index=\"8\" ><div class=\"so-widget-sow-image so-widget-sow-image-default-bd5cd9da0588\">\n\n<div class=\"sow-image-container\">\n<a href=\"http:\/\/mw-pc-seiten.de\/?p=70\" >\t<img src=\"https:\/\/mw-pc-seiten.de\/wp-content\/uploads\/2018\/03\/2015-04-Keukenhof-IMGP0106-150x150.jpg\" width=\"150\" height=\"150\" sizes=\"(max-width: 150px) 100vw, 150px\" title=\"2015-04 Keukenhof IMGP0106\" \t\tclass=\"so-widget-image\"\/>\n<\/a><\/div>\n\n<\/div><\/div><div id=\"panel-76-1-2-1\" class=\"so-panel widget widget_sow-editor panel-last-child\" data-index=\"9\" ><div class=\"so-widget-sow-editor so-widget-sow-editor-base\"><h3 class=\"widget-title\">FOTOS<\/h3>\n<div class=\"siteorigin-widget-tinymce textwidget\">\n\t<div class=\"siteorigin-widget-tinymce textwidget\">Locations - Meer - Pflanzen - Tiere<\/p>\n<\/div>\n<\/div>\n<\/div><\/div><\/div><div id=\"pgc-76-1-3\"  class=\"panel-grid-cell\" ><div id=\"panel-76-1-3-0\" class=\"so-panel widget widget_sow-image panel-first-child\" data-index=\"10\" ><div class=\"so-widget-sow-image so-widget-sow-image-default-bd5cd9da0588\">\n\n<div class=\"sow-image-container\">\n<a href=\"http:\/\/mw-pc-seiten.de\/?page_id=104\" >\t<img src=\"https:\/\/mw-pc-seiten.de\/wp-content\/uploads\/2018\/03\/Ausrufe-Fragezeichen-150x150.jpg\" width=\"150\" height=\"150\" sizes=\"(max-width: 150px) 100vw, 150px\" \t\tclass=\"so-widget-image\"\/>\n<\/a><\/div>\n\n<\/div><\/div><div id=\"panel-76-1-3-1\" class=\"so-panel widget widget_sow-editor panel-last-child\" data-index=\"11\" ><div class=\"so-widget-sow-editor so-widget-sow-editor-base\"><h3 class=\"widget-title\">CHRISTLICHER GLAUBE<\/h3>\n<div class=\"siteorigin-widget-tinymce textwidget\">\n\t<\/div>\n<\/div><\/div><\/div><\/div><div id=\"pg-76-2\"  class=\"panel-grid panel-has-style\" ><div class=\"panel-row-style panel-row-style-for-76-2\" ><div id=\"pgc-76-2-0\"  class=\"panel-grid-cell\" ><div id=\"panel-76-2-0-0\" class=\"so-panel widget widget_sow-social-media-buttons panel-first-child panel-last-child\" data-index=\"12\" ><div class=\"so-widget-sow-social-media-buttons so-widget-sow-social-media-buttons-wire-09a8be071365\">\n<div class=\"social-media-button-container\">\n\t\n\t\t<a class=\"sow-social-media-button-facebook sow-social-media-button\" title=\"Etwas vom Leben on Facebook\" aria-label=\"Etwas vom Leben on Facebook\" target=\"_blank\" rel=\"noopener noreferrer\" href=\"https:\/\/www.facebook.com\/\" >\n\t\t\t<span>\n\t\t\t\t\t\t\t\t<span class=\"sow-icon-fontawesome\" data-sow-icon=\"&#xf09a;\" ><\/span>\t\t\t\t\t\t\t<\/span>\n\t\t<\/a>\n\t\n\t\t<a class=\"sow-social-media-button-twitter sow-social-media-button\" title=\"Etwas vom Leben on Twitter\" aria-label=\"Etwas vom Leben on Twitter\" target=\"_blank\" rel=\"noopener noreferrer\" href=\"https:\/\/twitter.com\/\" >\n\t\t\t<span>\n\t\t\t\t\t\t\t\t<span class=\"sow-icon-fontawesome\" data-sow-icon=\"&#xf099;\" ><\/span>\t\t\t\t\t\t\t<\/span>\n\t\t<\/a>\n\t\n\t\t<a class=\"sow-social-media-button-pinterest sow-social-media-button\" title=\"Etwas vom Leben on Pinterest\" aria-label=\"Etwas vom Leben on Pinterest\" target=\"_blank\" rel=\"noopener noreferrer\" href=\"https:\/\/www.pinterest.com\/\" >\n\t\t\t<span>\n\t\t\t\t\t\t\t\t<span class=\"sow-icon-fontawesome\" data-sow-icon=\"&#xf0d2;\" ><\/span>\t\t\t\t\t\t\t<\/span>\n\t\t<\/a>\n\t<\/div>\n<\/div><\/div><\/div><\/div><\/div><\/div>","protected":false},"excerpt":{"rendered":"<p>Was k\u00f6nnen Sie hier finden: anders Familie werden&#8230; unsere Geschichte ausf\u00fchrlich Pflegeeltern Pflegekinder Informationen \u00fcber Jugendamt und Erfahrungen Lesen, Lesen, Lesen&#8230; PDF-Dateien Internetseiten B\u00fccher Beratungsstellen Locations &#8211; Meer &#8211; Pflanzen &#8211; Tiere<\/p>\n","protected":false},"author":1,"featured_media":0,"parent":0,"menu_order":0,"comment_status":"closed","ping_status":"closed","template":"template-full-width.php","meta":[],"_links":{"self":[{"href":"https:\/\/mw-pc-seiten.de\/index.php?rest_route=\/wp\/v2\/pages\/76"}],"collection":[{"href":"https:\/\/mw-pc-seiten.de\/index.php?rest_route=\/wp\/v2\/pages"}],"about":[{"href":"https:\/\/mw-pc-seiten.de\/index.php?rest_route=\/wp\/v2\/types\/page"}],"author":[{"embeddable":true,"href":"https:\/\/mw-pc-seiten.de\/index.php?rest_route=\/wp\/v2\/users\/1"}],"replies":[{"embeddable":true,"href":"https:\/\/mw-pc-seiten.de\/index.php?rest_route=%2Fwp%2Fv2%2Fcomments&post=76"}],"version-history":[{"count":43,"href":"https:\/\/mw-pc-seiten.de\/index.php?rest_route=\/wp\/v2\/pages\/76\/revisions"}],"predecessor-version":[{"id":852,"href":"https:\/\/mw-pc-seiten.de\/index.php?rest_route=\/wp\/v2\/pages\/76\/revisions\/852"}],"wp:attachment":[{"href":"https:\/\/mw-pc-seiten.de\/index.php?rest_route=%2Fwp%2Fv2%2Fmedia&parent=76"}],"curies":[{"name":"wp","href":"https:\/\/api.w.org\/{rel}","templated":true}]}}