{"id":440,"date":"2018-03-28T12:52:49","date_gmt":"2018-03-28T12:52:49","guid":{"rendered":"http:\/\/mw-pc-seiten.de\/?page_id=440"},"modified":"2018-04-01T20:28:10","modified_gmt":"2018-04-01T20:28:10","slug":"lwv-2","status":"publish","type":"page","link":"http:\/\/mw-pc-seiten.de\/?page_id=440","title":{"rendered":"LWV"},"content":{"rendered":"<div id=\"pl-440\"  class=\"panel-layout\" ><div id=\"pg-440-0\"  class=\"panel-grid panel-no-style\" ><div id=\"pgc-440-0-0\"  class=\"panel-grid-cell\" ><div id=\"panel-440-0-0-0\" class=\"so-panel widget widget_sow-editor panel-first-child panel-last-child\" data-index=\"0\" ><div class=\"so-widget-sow-editor so-widget-sow-editor-base\"><h3 class=\"widget-title\">Wie unterst\u00fctzt der LWV<\/h3>\n<div class=\"siteorigin-widget-tinymce textwidget\">\n\t<div class=\"csc-default\">\nDer Landeswohlfahrtsverband (LWV) Hessen ist Tr\u00e4ger von sechs Fr\u00fchberatungsstellen und 14 F\u00f6rderschulen mit \u00fcberregionaler Bedeutung. Er verfolgt das Ziel, in ganz Hessen gleiche Standards bei der F\u00f6rderung und der schulischen Bildung von Kindern und Jugendlichen mit F\u00f6rderbedarf zu gew\u00e4hrleisten.\u00a0Alle LWV-Schulen mit den F\u00f6rderschwerpunkten H\u00f6ren und Sehen sowie eine Schule mit dem F\u00f6rderschwerpunkt emotionale und soziale Entwicklung sind zugleich \u00fcberregionale sonderp\u00e4dagogische Beratungs- und F\u00f6rderzentren f\u00fcr Kinder und Jugendliche, die inklusiv an \u00f6rtlichen Regelschulen oder an \u00f6rtlichen F\u00f6rderschulen beschult werden. Als \u00fcber\u00f6rtlicher Sozialhilfetr\u00e4ger gew\u00e4hrt der LWV auch Hilfen zur Schulausbildung. Dar\u00fcber hinaus kann finanzielle Unterst\u00fctzung im Rahmen des Opferentsch\u00e4digungsgesetzes gew\u00e4hrt werden.\u00a0<\/p>\n<\/div>\n<div class=\"csc-default\">\n<h2>Fr\u00fchf\u00f6rderung<\/h2>\n<p>Die interdisziplin\u00e4ren Fr\u00fchberatungsstellen f\u00f6rdern h\u00f6rgesch\u00e4digte sowie sehbehinderte und blinde Kinder vom S\u00e4uglingsalter bis zur Einschulung.<\/p>\n<\/div>\n<div class=\"csc-default\">\n<h2>F\u00f6rderschulen<\/h2>\n<p>Die <strong>Schulen<\/strong> des LWV umfassen die F\u00f6rderschwerpunkte:<\/p>\n<ul>\n<li>H\u00f6ren<\/li>\n<li>Sehen<\/li>\n<li>Kranke Sch\u00fclerinnen und Sch\u00fcler<\/li>\n<li>Emotionale und soziale Entwicklung<\/li>\n<li><a href=\"https:\/\/www.lwv-hessen.de\/foerderung-schule\/geistige-entwicklung.html\">Geistige Entwicklung<\/a><\/li>\n<\/ul>\n<p>Eine Liste mit Schulen und mehr Informationen \u00fcber den LWV\u00a0 finden Sie hier.<\/p>\n<\/div>\n<\/div>\n<\/div><\/div><\/div><\/div><div id=\"pg-440-1\"  class=\"panel-grid panel-no-style\" ><div id=\"pgc-440-1-0\"  class=\"panel-grid-cell\" ><div id=\"panel-440-1-0-0\" class=\"so-panel widget widget_sow-image panel-first-child panel-last-child\" data-index=\"1\" ><div class=\"so-widget-sow-image so-widget-sow-image-default-bd5cd9da0588\">\n\t<h3 class=\"widget-title\">LWV Info + Gesetze<\/h3>\n<div class=\"sow-image-container\">\n<a href=\"https:\/\/www.lwv-hessen.de\/foerderung-schule\/wie-unterstuetzt-der-lwv.html\" >\t<img src=\"http:\/\/mw-pc-seiten.de\/wp-content\/uploads\/2018\/03\/LWV3.png\" width=\"150\" height=\"78\" srcset=\"http:\/\/mw-pc-seiten.de\/wp-content\/uploads\/2018\/03\/LWV3.png 312w, http:\/\/mw-pc-seiten.de\/wp-content\/uploads\/2018\/03\/LWV3-300x156.png 300w\" sizes=\"(max-width: 150px) 100vw, 150px\" title=\"LWV Info + Gesetze\" \t\tclass=\"so-widget-image\"\/>\n<\/a><\/div>\n\n<\/div><\/div><\/div><div id=\"pgc-440-1-1\"  class=\"panel-grid-cell\" ><div id=\"panel-440-1-1-0\" class=\"so-panel widget widget_sow-button panel-first-child panel-last-child\" data-index=\"2\" ><div class=\"so-widget-sow-button so-widget-sow-button-atom-4a75a8acc3b6\"><div class=\"ow-button-base ow-button-align-center\">\n\t<a href=\"https:\/\/www.lwv-hessen.de\/foerderung-schule\/geistige-entwicklung.html\" class=\"ow-icon-placement-left ow-button-hover\" \t\t>\n\t\t<span>\n\t\t\t\n\t\t\tLWV Schulen GE\t\t<\/span>\n\t<\/a>\n<\/div>\n<\/div><\/div><\/div><div id=\"pgc-440-1-2\"  class=\"panel-grid-cell\" ><div id=\"panel-440-1-2-0\" class=\"so-panel widget widget_sow-button panel-first-child panel-last-child\" data-index=\"3\" ><div class=\"so-widget-sow-button so-widget-sow-button-atom-4a75a8acc3b6\"><div class=\"ow-button-base ow-button-align-center\">\n\t<a href=\"https:\/\/www.lwv-hessen.de\/soziales-perseh\/leistungen-zur-sozialen-teilhabe\/bewilligung-von-sozialhilfe.html#c212\" class=\"ow-icon-placement-left ow-button-hover\" \t\t>\n\t\t<span>\n\t\t\t\n\t\t\tLWV-Info Sozialhilfe\t\t<\/span>\n\t<\/a>\n<\/div>\n<\/div><\/div><\/div><div id=\"pgc-440-1-3\"  class=\"panel-grid-cell\" ><div id=\"panel-440-1-3-0\" class=\"so-panel widget widget_sow-image panel-first-child panel-last-child\" data-index=\"4\" ><div class=\"so-widget-sow-image so-widget-sow-image-default-bd5cd9da0588\">\n\n<div class=\"sow-image-container\">\n\t<img title=\"LWV\" \t\tclass=\"so-widget-image\"\/>\n<\/div>\n\n<\/div><\/div><\/div><\/div><\/div>","protected":false},"excerpt":{"rendered":"<p>Der Landeswohlfahrtsverband (LWV) Hessen ist Tr\u00e4ger von sechs Fr\u00fchberatungsstellen und 14 F\u00f6rderschulen mit \u00fcberregionaler Bedeutung. Er verfolgt das Ziel, in ganz Hessen gleiche Standards bei der F\u00f6rderung und der schulischen Bildung von Kindern und Jugendlichen mit F\u00f6rderbedarf zu gew\u00e4hrleisten.\u00a0Alle LWV-Schulen mit den F\u00f6rderschwerpunkten H\u00f6ren und Sehen sowie eine Schule mit dem F\u00f6rderschwerpunkt emotionale und soziale [&hellip;]<\/p>\n","protected":false},"author":2,"featured_media":0,"parent":4,"menu_order":0,"comment_status":"closed","ping_status":"closed","template":"template-full-width.php","meta":[],"_links":{"self":[{"href":"http:\/\/mw-pc-seiten.de\/index.php?rest_route=\/wp\/v2\/pages\/440"}],"collection":[{"href":"http:\/\/mw-pc-seiten.de\/index.php?rest_route=\/wp\/v2\/pages"}],"about":[{"href":"http:\/\/mw-pc-seiten.de\/index.php?rest_route=\/wp\/v2\/types\/page"}],"author":[{"embeddable":true,"href":"http:\/\/mw-pc-seiten.de\/index.php?rest_route=\/wp\/v2\/users\/2"}],"replies":[{"embeddable":true,"href":"http:\/\/mw-pc-seiten.de\/index.php?rest_route=%2Fwp%2Fv2%2Fcomments&post=440"}],"version-history":[{"count":43,"href":"http:\/\/mw-pc-seiten.de\/index.php?rest_route=\/wp\/v2\/pages\/440\/revisions"}],"predecessor-version":[{"id":697,"href":"http:\/\/mw-pc-seiten.de\/index.php?rest_route=\/wp\/v2\/pages\/440\/revisions\/697"}],"up":[{"embeddable":true,"href":"http:\/\/mw-pc-seiten.de\/index.php?rest_route=\/wp\/v2\/pages\/4"}],"wp:attachment":[{"href":"http:\/\/mw-pc-seiten.de\/index.php?rest_route=%2Fwp%2Fv2%2Fmedia&parent=440"}],"curies":[{"name":"wp","href":"https:\/\/api.w.org\/{rel}","templated":true}]}}