{"id":4,"date":"2018-03-23T08:54:31","date_gmt":"2018-03-23T08:54:31","guid":{"rendered":"http:\/\/mw-pc-seiten.de\/?page_id=4"},"modified":"2018-04-01T20:27:29","modified_gmt":"2018-04-01T20:27:29","slug":"heike","status":"publish","type":"page","link":"http:\/\/mw-pc-seiten.de\/?page_id=4","title":{"rendered":"Informationen"},"content":{"rendered":"<div id=\"pl-4\"  class=\"panel-layout\" ><div id=\"pg-4-0\"  class=\"panel-grid panel-no-style\" ><div id=\"pgc-4-0-0\"  class=\"panel-grid-cell\" ><div id=\"panel-4-0-0-0\" class=\"so-panel widget widget_sow-editor panel-first-child\" data-index=\"0\" ><div class=\"so-widget-sow-editor so-widget-sow-editor-base\">\n<div class=\"siteorigin-widget-tinymce textwidget\">\n\t<h1><img loading=\"lazy\" class=\"aligncenter size-full wp-image-11\" src=\"http:\/\/mw-pc-seiten.de\/wp-content\/uploads\/2018\/03\/P1190251-enh.jpg\" alt=\"\" width=\"3870\" height=\"2779\" srcset=\"http:\/\/mw-pc-seiten.de\/wp-content\/uploads\/2018\/03\/P1190251-enh.jpg 3870w, http:\/\/mw-pc-seiten.de\/wp-content\/uploads\/2018\/03\/P1190251-enh-300x215.jpg 300w, http:\/\/mw-pc-seiten.de\/wp-content\/uploads\/2018\/03\/P1190251-enh-768x551.jpg 768w, http:\/\/mw-pc-seiten.de\/wp-content\/uploads\/2018\/03\/P1190251-enh-1024x735.jpg 1024w\" sizes=\"(max-width: 3870px) 100vw, 3870px\" \/><\/h1>\n<p>Website wird gerade aufgebaut...<\/p>\n<\/div>\n<\/div><\/div><div id=\"panel-4-0-0-1\" class=\"so-panel widget widget_sow-editor panel-last-child\" data-index=\"1\" ><div class=\"so-widget-sow-editor so-widget-sow-editor-base\">\n<div class=\"siteorigin-widget-tinymce textwidget\">\n\t<\/div>\n<\/div><\/div><\/div><\/div><div id=\"pg-4-1\"  class=\"panel-grid panel-no-style\" ><div id=\"pgc-4-1-0\"  class=\"panel-grid-cell\" ><div id=\"panel-4-1-0-0\" class=\"so-panel widget widget_sow-editor panel-first-child\" data-index=\"2\" ><div class=\"so-widget-sow-editor so-widget-sow-editor-base\"><h3 class=\"widget-title\">B\u00fccher<\/h3>\n<div class=\"siteorigin-widget-tinymce textwidget\">\n\t<p><a href=\"http:\/\/mw-pc-seiten.de\/?page_id=636\">B\u00fccher zum Thema Alkoholembryopathie<\/a> (FASD - Fetal Alcohol Syndrom Disorder)<\/p>\n<\/div>\n<\/div><\/div><div id=\"panel-4-1-0-1\" class=\"so-panel widget widget_sow-editor panel-last-child\" data-index=\"3\" ><div class=\"so-widget-sow-editor so-widget-sow-editor-base\"><h3 class=\"widget-title\">PDF-Dateien<\/h3>\n<div class=\"siteorigin-widget-tinymce textwidget\">\n\t<\/div>\n<\/div><\/div><\/div><div id=\"pgc-4-1-1\"  class=\"panel-grid-cell\" ><div id=\"panel-4-1-1-0\" class=\"so-panel widget widget_sow-button panel-first-child panel-last-child\" data-index=\"4\" ><div class=\"so-widget-sow-button so-widget-sow-button-atom-4a75a8acc3b6\"><div class=\"ow-button-base ow-button-align-center\">\n\t<a href=\"http:\/\/mw-pc-seiten.de\/?page_id=636\" class=\"ow-icon-placement-left ow-button-hover\" \t\t>\n\t\t<span>\n\t\t\t\n\t\t\tB\u00fccher FASD\t\t<\/span>\n\t<\/a>\n<\/div>\n<\/div><\/div><\/div><\/div><div id=\"pg-4-2\"  class=\"panel-grid panel-no-style\" ><div id=\"pgc-4-2-0\"  class=\"panel-grid-cell\" ><div id=\"panel-4-2-0-0\" class=\"so-panel widget widget_sow-editor panel-first-child panel-last-child\" data-index=\"5\" ><div class=\"so-widget-sow-editor so-widget-sow-editor-base\"><h3 class=\"widget-title\">Berater\/Beratungsstellen<\/h3>\n<div class=\"siteorigin-widget-tinymce textwidget\">\n\t<p>Es gibt eine gro\u00dfe Menge an Beratern und Hilfen. Das Internet ist voll davon. Viele davon sind kostenpflichtig und es ist schwierig eine Wahl zu treffen. Das liegt u.a. daran, dass es nicht erkennbar ist, wer gut ist.<\/p>\n<p>Es gibt auch \u00f6ffentliche und kostenfreie Hilfen, diese zu finden ist ebenfalls nicht einfach, weil diese i.d.R. kaum Werbung machen, angstbesetzt sind oder es doch nicht so einfach ist, zu wissen, wer f\u00fcr was zust\u00e4ndig ist. Hier m\u00f6chte ich Informationen und Erfahrungen weitergeben. Folgende Stellen haben wir schon kennengelernt:<\/p>\n<ol>\n<li>Jugendamt<\/li>\n<li>LWV (=Landeswohlfahrtsverband)<\/li>\n<li>Pflegekassen<\/li>\n<li>MDK - der medizinische Dienst der Krankenkasse<\/li>\n<li>Krankenh\u00e4user<\/li>\n<li>Vereine (Aktion Mensch - FASD-Deutschland e.V.)<\/li>\n<li>private Berater<\/li>\n<\/ol>\n<\/div>\n<\/div><\/div><\/div><div id=\"pgc-4-2-1\"  class=\"panel-grid-cell\" ><div id=\"panel-4-2-1-0\" class=\"so-panel widget widget_sow-button panel-first-child\" data-index=\"6\" ><div class=\"so-widget-sow-button so-widget-sow-button-atom-4a75a8acc3b6\"><div class=\"ow-button-base ow-button-align-center\">\n\t<a href=\"http:\/\/www.rheingau-taunus.de\/jugend.html\" class=\"ow-icon-placement-left ow-button-hover\" \t\t>\n\t\t<span>\n\t\t\t\n\t\t\tJugendamt\t\t<\/span>\n\t<\/a>\n<\/div>\n<\/div><\/div><div id=\"panel-4-2-1-1\" class=\"so-panel widget widget_sow-button\" data-index=\"7\" ><div class=\"so-widget-sow-button so-widget-sow-button-atom-4a75a8acc3b6\"><div class=\"ow-button-base ow-button-align-center\">\n\t<a href=\"http:\/\/mw-pc-seiten.de\/?page_id=440\" class=\"ow-icon-placement-left ow-button-hover\" \t\t>\n\t\t<span>\n\t\t\t\n\t\t\tLWV\t\t<\/span>\n\t<\/a>\n<\/div>\n<\/div><\/div><div id=\"panel-4-2-1-2\" class=\"so-panel widget widget_sow-button\" data-index=\"8\" ><div class=\"so-widget-sow-button so-widget-sow-button-atom-4a75a8acc3b6\"><div class=\"ow-button-base ow-button-align-center\">\n\t<a href=\"http:\/\/mw-pc-seiten.de\/?page_id=257\" class=\"ow-icon-placement-left ow-button-hover\" \t\t>\n\t\t<span>\n\t\t\t\n\t\t\tFAS(D)-Vereine\t\t<\/span>\n\t<\/a>\n<\/div>\n<\/div><\/div><div id=\"panel-4-2-1-3\" class=\"so-panel widget widget_sow-button panel-last-child\" data-index=\"9\" ><div class=\"so-widget-sow-button so-widget-sow-button-atom-4a75a8acc3b6\"><div class=\"ow-button-base ow-button-align-center\">\n\t<a href=\"https:\/\/www.familienratgeber.de\/themen.php\" class=\"ow-icon-placement-left ow-button-hover\" \t\t>\n\t\t<span>\n\t\t\t\n\t\t\tAktion Mensch\t\t<\/span>\n\t<\/a>\n<\/div>\n<\/div><\/div><\/div><\/div><div id=\"pg-4-3\"  class=\"panel-grid panel-no-style\" ><div id=\"pgc-4-3-0\"  class=\"panel-grid-cell panel-grid-cell-empty\" ><\/div><div id=\"pgc-4-3-1\"  class=\"panel-grid-cell panel-grid-cell-empty\" ><\/div><div id=\"pgc-4-3-2\"  class=\"panel-grid-cell panel-grid-cell-empty\" ><\/div><div id=\"pgc-4-3-3\"  class=\"panel-grid-cell panel-grid-cell-empty\" ><\/div><div id=\"pgc-4-3-4\"  class=\"panel-grid-cell panel-grid-cell-empty\" ><\/div><div id=\"pgc-4-3-5\"  class=\"panel-grid-cell panel-grid-cell-empty\" ><\/div><div id=\"pgc-4-3-6\"  class=\"panel-grid-cell panel-grid-cell-empty panel-grid-cell-mobile-last\" ><\/div><div id=\"pgc-4-3-7\"  class=\"panel-grid-cell panel-grid-cell-empty\" ><\/div><\/div><\/div>","protected":false},"excerpt":{"rendered":"<p>Website wird gerade aufgebaut&#8230; B\u00fccher zum Thema Alkoholembryopathie (FASD &#8211; Fetal Alcohol Syndrom Disorder)<\/p>\n","protected":false},"author":1,"featured_media":0,"parent":76,"menu_order":0,"comment_status":"closed","ping_status":"closed","template":"template-full-width.php","meta":[],"_links":{"self":[{"href":"http:\/\/mw-pc-seiten.de\/index.php?rest_route=\/wp\/v2\/pages\/4"}],"collection":[{"href":"http:\/\/mw-pc-seiten.de\/index.php?rest_route=\/wp\/v2\/pages"}],"about":[{"href":"http:\/\/mw-pc-seiten.de\/index.php?rest_route=\/wp\/v2\/types\/page"}],"author":[{"embeddable":true,"href":"http:\/\/mw-pc-seiten.de\/index.php?rest_route=\/wp\/v2\/users\/1"}],"replies":[{"embeddable":true,"href":"http:\/\/mw-pc-seiten.de\/index.php?rest_route=%2Fwp%2Fv2%2Fcomments&post=4"}],"version-history":[{"count":55,"href":"http:\/\/mw-pc-seiten.de\/index.php?rest_route=\/wp\/v2\/pages\/4\/revisions"}],"predecessor-version":[{"id":756,"href":"http:\/\/mw-pc-seiten.de\/index.php?rest_route=\/wp\/v2\/pages\/4\/revisions\/756"}],"up":[{"embeddable":true,"href":"http:\/\/mw-pc-seiten.de\/index.php?rest_route=\/wp\/v2\/pages\/76"}],"wp:attachment":[{"href":"http:\/\/mw-pc-seiten.de\/index.php?rest_route=%2Fwp%2Fv2%2Fmedia&parent=4"}],"curies":[{"name":"wp","href":"https:\/\/api.w.org\/{rel}","templated":true}]}}